{"id":20,"date":"2025-08-19T21:12:27","date_gmt":"2025-08-19T19:12:27","guid":{"rendered":"https:\/\/v3e.pl\/?page_id=20"},"modified":"2025-09-15T11:56:15","modified_gmt":"2025-09-15T09:56:15","slug":"vereri-v3e-ewidencja-energii-elektrycznej","status":"publish","type":"page","link":"https:\/\/v3e.pl\/","title":{"rendered":"VERERI V3E &#8211; Ewidencja Energii Elektrycznej"},"content":{"rendered":"<p>[et_pb_section fb_built=&#8221;1&#8243; admin_label=&#8221;Header&#8221; _builder_version=&#8221;4.27.4&#8243; _module_preset=&#8221;default&#8221; background_image=&#8221;http:\/\/v3e.pl\/wp-content\/uploads\/2025\/08\/bg.png&#8221; background_size=&#8221;contain&#8221; background_position=&#8221;bottom_right&#8221; overflow-x=&#8221;hidden&#8221; overflow-y=&#8221;hidden&#8221; custom_padding=&#8221;18px|||||&#8221; collapsed=&#8221;off&#8221; global_colors_info=&#8221;{}&#8221;][et_pb_row column_structure=&#8221;1_2,1_2&#8243; _builder_version=&#8221;4.27.4&#8243; _module_preset=&#8221;default&#8221; global_colors_info=&#8221;{}&#8221;][et_pb_column type=&#8221;1_2&#8243; _builder_version=&#8221;4.27.4&#8243; _module_preset=&#8221;default&#8221; global_colors_info=&#8221;{}&#8221;][et_pb_text _builder_version=&#8221;4.27.4&#8243; _module_preset=&#8221;bfb5eae1-e29e-4875-8b11-b602461ff25e&#8221; global_colors_info=&#8221;{}&#8221;]<\/p>\n<h4>VERERI EWIDENCJA ENERGII ELEKTRYCZNEJ<\/h4>\n<p>[\/et_pb_text][et_pb_text _builder_version=&#8221;4.27.4&#8243; _module_preset=&#8221;3f936a34-b4e2-4e37-b1f5-6eb430645327&#8243; header_font=&#8221;Inter|600|||||||&#8221; header_font_size=&#8221;69px&#8221; custom_margin=&#8221;|-20%|||false|false&#8221; custom_margin_tablet=&#8221;|0%|||false|false&#8221; custom_margin_phone=&#8221;|0%|||false|false&#8221; custom_margin_last_edited=&#8221;on|tablet&#8221; header_font_size_tablet=&#8221;6vw&#8221; header_font_size_phone=&#8221;6vw&#8221; global_colors_info=&#8221;{}&#8221;]<\/p>\n<h1>EWIDENCJA ENERGII dla wymagaj\u0105cych<\/h1>\n<p>[\/et_pb_text][et_pb_button button_text=&#8221;Rozpocznij&#8221; _builder_version=&#8221;4.27.4&#8243; _module_preset=&#8221;dc7c3a34-5475-40d7-820f-98464c15ecf0&#8243; button_text_size=&#8221;21px&#8221; button_text_color=&#8221;#FFFFFF&#8221; button_bg_color_gradient_stops=&#8221;#51b26d 3%|#17d802 89%&#8221; button_font=&#8221;Inter|600|||||||&#8221; hover_enabled=&#8221;0&#8243; box_shadow_style=&#8221;preset1&#8243; global_colors_info=&#8221;{}&#8221; button_url=&#8221;https:\/\/v3e.pl\/app\/&#8221; url_new_window=&#8221;on&#8221; sticky_enabled=&#8221;0&#8243;][\/et_pb_button][\/et_pb_column][et_pb_column type=&#8221;1_2&#8243; _builder_version=&#8221;4.27.4&#8243; _module_preset=&#8221;default&#8221; global_colors_info=&#8221;{}&#8221;][\/et_pb_column][\/et_pb_row][\/et_pb_section][et_pb_section fb_built=&#8221;1&#8243; admin_label=&#8221;Services&#8221; _builder_version=&#8221;4.18.1&#8243; _module_preset=&#8221;default&#8221; custom_padding=&#8221;31px|||||&#8221; collapsed=&#8221;on&#8221; global_colors_info=&#8221;{}&#8221;][et_pb_row column_structure=&#8221;1_3,1_3,1_3&#8243; make_equal=&#8221;on&#8221; _builder_version=&#8221;4.27.4&#8243; _module_preset=&#8221;default&#8221; global_colors_info=&#8221;{}&#8221;][et_pb_column type=&#8221;1_3&#8243; _builder_version=&#8221;4.27.4&#8243; _module_preset=&#8221;default&#8221; background_color=&#8221;rgba(214,214,214,0.2)&#8221; custom_padding=&#8221;30px|30px|30px|30px|true|true&#8221; custom_padding_tablet=&#8221;30px|30px|30px|30px|true|true&#8221; custom_padding_phone=&#8221;20px|20px|20px|20px|true|true&#8221; custom_padding_last_edited=&#8221;on|desktop&#8221; border_radii=&#8221;on|10px|10px|10px|10px&#8221; border_width_all=&#8221;1px&#8221; border_color_all=&#8221;#6B6B6B&#8221; box_shadow_style=&#8221;preset1&#8243; global_colors_info=&#8221;{}&#8221;][et_pb_image src=&#8221;http:\/\/v3e.pl\/wp-content\/uploads\/2025\/08\/saas-icon-03.png&#8221; title_text=&#8221;saas-icon-03&#8243; _builder_version=&#8221;4.18.1&#8243; _module_preset=&#8221;default&#8221; custom_margin=&#8221;||60px||false|false&#8221; global_colors_info=&#8221;{}&#8221;][\/et_pb_image][et_pb_text _builder_version=&#8221;4.27.4&#8243; _module_preset=&#8221;e6a80b7c-127e-4cc0-8b90-2e911722d433&#8243; global_colors_info=&#8221;{}&#8221;]<\/p>\n<h5>Ewidencja i monitorowanie<\/h5>\n<p>[\/et_pb_text][et_pb_text _builder_version=&#8221;4.27.4&#8243; _module_preset=&#8221;9530f691-0a2b-46d3-a61a-db6e68ea3b2b&#8221; global_colors_info=&#8221;{}&#8221;]<\/p>\n<p><span>Proste wprowadzanie, pe\u0142ny porz\u0105dek.<\/span><\/p>\n<p>[\/et_pb_text][\/et_pb_column][et_pb_column type=&#8221;1_3&#8243; _builder_version=&#8221;4.27.4&#8243; _module_preset=&#8221;default&#8221; background_color=&#8221;rgba(214,214,214,0.2)&#8221; custom_padding=&#8221;30px|30px|30px|30px|true|true&#8221; custom_padding_tablet=&#8221;30px|30px|30px|30px|true|true&#8221; custom_padding_phone=&#8221;20px|20px|20px|20px|true|true&#8221; custom_padding_last_edited=&#8221;on|desktop&#8221; border_radii=&#8221;on|10px|10px|10px|10px&#8221; border_width_all=&#8221;1px&#8221; border_color_all=&#8221;#000000&#8243; box_shadow_style=&#8221;preset1&#8243; global_colors_info=&#8221;{}&#8221;][et_pb_image src=&#8221;http:\/\/v3e.pl\/wp-content\/uploads\/2025\/08\/saas-icon-05.png&#8221; title_text=&#8221;saas-icon-05&#8243; _builder_version=&#8221;4.18.1&#8243; _module_preset=&#8221;default&#8221; custom_margin=&#8221;||60px||false|false&#8221; global_colors_info=&#8221;{}&#8221;][\/et_pb_image][et_pb_text _builder_version=&#8221;4.27.4&#8243; _module_preset=&#8221;e6a80b7c-127e-4cc0-8b90-2e911722d433&#8243; global_colors_info=&#8221;{}&#8221;]<\/p>\n<h5>Analiza trend\u00f3w<\/h5>\n<p>[\/et_pb_text][et_pb_text _builder_version=&#8221;4.27.4&#8243; _module_preset=&#8221;9530f691-0a2b-46d3-a61a-db6e68ea3b2b&#8221; global_colors_info=&#8221;{}&#8221;]<\/p>\n<p><span>Wykrywaj zale\u017cno\u015bci, przewiduj przysz\u0142o\u015b\u0107 i reaguj zanim co\u015b si\u0119 wydarzy.<\/span><\/p>\n<p>[\/et_pb_text][\/et_pb_column][et_pb_column type=&#8221;1_3&#8243; _builder_version=&#8221;4.27.4&#8243; _module_preset=&#8221;default&#8221; background_color=&#8221;rgba(214,214,214,0.2)&#8221; custom_padding=&#8221;30px|30px|30px|30px|true|true&#8221; custom_padding_tablet=&#8221;30px|30px|30px|30px|true|true&#8221; custom_padding_phone=&#8221;20px|20px|20px|20px|true|true&#8221; custom_padding_last_edited=&#8221;on|desktop&#8221; border_radii=&#8221;on|10px|10px|10px|10px&#8221; border_width_all=&#8221;1px&#8221; border_color_all=&#8221;#000000&#8243; box_shadow_style=&#8221;preset1&#8243; global_colors_info=&#8221;{}&#8221;][et_pb_image src=&#8221;http:\/\/v3e.pl\/wp-content\/uploads\/2025\/08\/saas-icon-01.png&#8221; title_text=&#8221;saas-icon-01&#8243; _builder_version=&#8221;4.18.1&#8243; _module_preset=&#8221;default&#8221; custom_margin=&#8221;||60px||false|false&#8221; global_colors_info=&#8221;{}&#8221;][\/et_pb_image][et_pb_text _builder_version=&#8221;4.27.4&#8243; _module_preset=&#8221;e6a80b7c-127e-4cc0-8b90-2e911722d433&#8243; global_colors_info=&#8221;{}&#8221;]<\/p>\n<h5>Raportowanie<\/h5>\n<p>[\/et_pb_text][et_pb_text _builder_version=&#8221;4.27.4&#8243; _module_preset=&#8221;9530f691-0a2b-46d3-a61a-db6e68ea3b2b&#8221; global_colors_info=&#8221;{}&#8221;]<\/p>\n<p><span>Automatyczne, czytelne raporty dla zarz\u0105du, klienta, kontroli.<\/span><\/p>\n<p>[\/et_pb_text][\/et_pb_column][\/et_pb_row][et_pb_row _builder_version=&#8221;4.27.4&#8243; _module_preset=&#8221;default&#8221; global_colors_info=&#8221;{}&#8221;][et_pb_column type=&#8221;4_4&#8243; _builder_version=&#8221;4.27.4&#8243; _module_preset=&#8221;default&#8221; global_colors_info=&#8221;{}&#8221;][et_pb_image src=&#8221;http:\/\/v3e.pl\/wp-content\/uploads\/2025\/08\/vereri-v3e-screen-scaled.png&#8221; title_text=&#8221;vereri v3e screen&#8221; _builder_version=&#8221;4.27.4&#8243; _module_preset=&#8221;default&#8221; border_radii=&#8221;on|15px|15px|15px|15px&#8221; box_shadow_style=&#8221;preset2&#8243; box_shadow_horizontal=&#8221;15px&#8221; box_shadow_vertical=&#8221;25px&#8221; box_shadow_blur=&#8221;36px&#8221; global_colors_info=&#8221;{}&#8221;][\/et_pb_image][\/et_pb_column][\/et_pb_row][\/et_pb_section][et_pb_section fb_built=&#8221;1&#8243; admin_label=&#8221;Features&#8221; _builder_version=&#8221;4.19.0&#8243; _module_preset=&#8221;default&#8221; collapsed=&#8221;on&#8221; global_colors_info=&#8221;{}&#8221;][et_pb_row column_structure=&#8221;1_2,1_2&#8243; _builder_version=&#8221;4.19.2&#8243; _module_preset=&#8221;default&#8221; global_colors_info=&#8221;{}&#8221;][et_pb_column type=&#8221;1_2&#8243; _builder_version=&#8221;4.18.1&#8243; _module_preset=&#8221;default&#8221; global_colors_info=&#8221;{}&#8221;][et_pb_text _builder_version=&#8221;4.18.1&#8243; _module_preset=&#8221;74acc8a1-70c6-4f35-a4ab-f8581293c9b3&#8243; custom_margin=&#8221;||0px||false|false&#8221; global_colors_info=&#8221;{}&#8221;]<\/p>\n<h2>ZGODNO\u015a\u0106 Z PRZEPISAMI<\/h2>\n<p>[\/et_pb_text][et_pb_text _builder_version=&#8221;4.27.4&#8243; _module_preset=&#8221;9530f691-0a2b-46d3-a61a-db6e68ea3b2b&#8221; global_colors_info=&#8221;{}&#8221;]<\/p>\n<p>Program stworzony zgodnie z obowi\u0105zuj\u0105cymi przepisami o ewidencji energii elektrycznej.<\/p>\n<p>[\/et_pb_text][\/et_pb_column][et_pb_column type=&#8221;1_2&#8243; _builder_version=&#8221;4.19.2&#8243; _module_preset=&#8221;default&#8221; global_colors_info=&#8221;{}&#8221;][\/et_pb_column][\/et_pb_row][et_pb_row column_structure=&#8221;1_2,1_2&#8243; _builder_version=&#8221;4.19.2&#8243; _module_preset=&#8221;default&#8221; global_colors_info=&#8221;{}&#8221;][et_pb_column type=&#8221;1_2&#8243; _builder_version=&#8221;4.19.0&#8243; _module_preset=&#8221;default&#8221; use_background_color_gradient=&#8221;on&#8221; background_color_gradient_direction=&#8221;140deg&#8221; background_color_gradient_stops=&#8221;#9df14b 20%|#02e173 100%&#8221; custom_padding=&#8221;60px|60px|60px|60px|true|true&#8221; custom_padding_tablet=&#8221;30px|30px|30px|30px|true|true&#8221; custom_padding_phone=&#8221;20px|20px|20px|20px|true|true&#8221; custom_padding_last_edited=&#8221;on|tablet&#8221; border_radii=&#8221;on|24px|24px|24px|24px&#8221; box_shadow_style=&#8221;preset4&#8243; box_shadow_horizontal=&#8221;0px&#8221; box_shadow_vertical=&#8221;60px&#8221; box_shadow_blur=&#8221;80px&#8221; box_shadow_color=&#8221;rgba(0,135,28,0.2)&#8221; global_colors_info=&#8221;{}&#8221;][et_pb_image src=&#8221;http:\/\/v3e.pl\/wp-content\/uploads\/2025\/08\/saas-13.png&#8221; title_text=&#8221;saas-13&#8243; _builder_version=&#8221;4.19.0&#8243; _module_preset=&#8221;default&#8221; width=&#8221;30%&#8221; global_colors_info=&#8221;{}&#8221;][\/et_pb_image][et_pb_text _builder_version=&#8221;4.27.4&#8243; _module_preset=&#8221;3617a378-2df7-41f2-b533-a993a0d67599&#8243; custom_margin=&#8221;||0px||false|false&#8221; global_colors_info=&#8221;{}&#8221;]<\/p>\n<h3>Proste raportowanie<\/h3>\n<p>[\/et_pb_text][et_pb_text _builder_version=&#8221;4.27.4&#8243; _module_preset=&#8221;9530f691-0a2b-46d3-a61a-db6e68ea3b2b&#8221; text_text_color=&#8221;#000000&#8243; global_colors_info=&#8221;{}&#8221;]<\/p>\n<p><span>Generuj profesjonalne zestawienia miesi\u0119czne, kwartalne lub roczne \u2013 w CSV lub PDF.<\/span><br data-start=\"191\" data-end=\"194\" \/><span>Od szybkiego podgl\u0105du po raporty gotowe do wysy\u0142ki \u2014 wszystko dost\u0119pne od r\u0119ki, jednym klikni\u0119ciem.<\/span><\/p>\n<p>[\/et_pb_text][\/et_pb_column][et_pb_column type=&#8221;1_2&#8243; _builder_version=&#8221;4.19.2&#8243; _module_preset=&#8221;default&#8221; use_background_color_gradient=&#8221;on&#8221; background_color_gradient_direction=&#8221;225deg&#8221; background_color_gradient_stops=&#8221;#f8c701 0%|#fe7e8e 100%&#8221; vertical_offset=&#8221;-150px&#8221; vertical_offset_tablet=&#8221;0vw&#8221; vertical_offset_phone=&#8221;0vw&#8221; vertical_offset_last_edited=&#8221;on|phone&#8221; overflow-x=&#8221;visible&#8221; overflow-y=&#8221;visible&#8221; custom_padding=&#8221;60px|60px|60px|60px|true|true&#8221; custom_padding_tablet=&#8221;30px|30px|30px|30px|true|true&#8221; custom_padding_phone=&#8221;20px|20px|20px|20px|true|true&#8221; custom_padding_last_edited=&#8221;on|tablet&#8221; border_radii=&#8221;on|24px|24px|24px|24px&#8221; border_width_all=&#8221;1px&#8221; border_color_all=&#8221;#000000&#8243; box_shadow_style=&#8221;preset4&#8243; box_shadow_horizontal=&#8221;0px&#8221; box_shadow_vertical=&#8221;60px&#8221; box_shadow_blur=&#8221;80px&#8221; box_shadow_color=&#8221;rgba(254,139,119,0.3)&#8221; global_colors_info=&#8221;{}&#8221;][et_pb_image src=&#8221;http:\/\/v3e.pl\/wp-content\/uploads\/2025\/08\/saas-14.png&#8221; title_text=&#8221;saas-14&#8243; _builder_version=&#8221;4.18.1&#8243; _module_preset=&#8221;default&#8221; width=&#8221;30%&#8221; global_colors_info=&#8221;{}&#8221;][\/et_pb_image][et_pb_text _builder_version=&#8221;4.27.4&#8243; _module_preset=&#8221;3617a378-2df7-41f2-b533-a993a0d67599&#8243; custom_margin=&#8221;||0px||false|false&#8221; global_colors_info=&#8221;{}&#8221;]<\/p>\n<h3>Pe\u0142ny audyt czynno\u015bci<\/h3>\n<p>[\/et_pb_text][et_pb_text _builder_version=&#8221;4.27.4&#8243; _module_preset=&#8221;9530f691-0a2b-46d3-a61a-db6e68ea3b2b&#8221; text_text_color=&#8221;#000000&#8243; global_colors_info=&#8221;{}&#8221;]<\/p>\n<p><span>Program spe\u0142nia wytyczne dotycz\u0105ce tworzenia wpis\u00f3w w rejestrze, zamykania okres\u00f3w i korygowania b\u0142\u0119d\u00f3w. Ka\u017cda czynno\u015b\u0107 wykonana na danych podlega automatycznej rejestracji. Audyt dost\u0119pny jest w czytelnej formie wprost z programu.<\/span><\/p>\n<p>[\/et_pb_text][\/et_pb_column][\/et_pb_row][et_pb_row column_structure=&#8221;1_3,1_3,1_3&#8243; _builder_version=&#8221;4.27.4&#8243; _module_preset=&#8221;default&#8221; global_colors_info=&#8221;{}&#8221;][et_pb_column type=&#8221;1_3&#8243; _builder_version=&#8221;4.27.4&#8243; _module_preset=&#8221;default&#8221; global_colors_info=&#8221;{}&#8221;][\/et_pb_column][et_pb_column type=&#8221;1_3&#8243; _builder_version=&#8221;4.27.4&#8243; _module_preset=&#8221;default&#8221; global_colors_info=&#8221;{}&#8221;][\/et_pb_column][et_pb_column type=&#8221;1_3&#8243; _builder_version=&#8221;4.27.4&#8243; _module_preset=&#8221;default&#8221; global_colors_info=&#8221;{}&#8221;][et_pb_button button_text=&#8221;Rozpocznij&#8221; _builder_version=&#8221;4.27.4&#8243; _module_preset=&#8221;dc7c3a34-5475-40d7-820f-98464c15ecf0&#8243; button_text_size=&#8221;21px&#8221; button_text_color=&#8221;#FFFFFF&#8221; button_bg_color_gradient_stops=&#8221;#51b26d 3%|#17d802 89%&#8221; button_font=&#8221;Inter|600|||||||&#8221; hover_enabled=&#8221;0&#8243; box_shadow_style=&#8221;preset1&#8243; global_colors_info=&#8221;{}&#8221; url_new_window=&#8221;on&#8221; button_url=&#8221;https:\/\/v3e.pl\/app\/&#8221; sticky_enabled=&#8221;0&#8243;][\/et_pb_button][\/et_pb_column][\/et_pb_row][\/et_pb_section]<\/p>\n","protected":false},"excerpt":{"rendered":"<p>VERERI EWIDENCJA ENERGII ELEKTRYCZNEJEWIDENCJA ENERGII dla wymagaj\u0105cychEwidencja i monitorowanieProste wprowadzanie, pe\u0142ny porz\u0105dek.Analiza trend\u00f3wWykrywaj zale\u017cno\u015bci, przewiduj przysz\u0142o\u015b\u0107 i reaguj zanim co\u015b si\u0119 wydarzy.RaportowanieAutomatyczne, czytelne raporty dla zarz\u0105du, klienta, kontroli.ZGODNO\u015a\u0106 Z PRZEPISAMIProgram stworzony zgodnie z obowi\u0105zuj\u0105cymi przepisami o ewidencji energii elektrycznej.Proste raportowanieGeneruj profesjonalne zestawienia miesi\u0119czne, kwartalne lub roczne \u2013 w CSV lub PDF.Od szybkiego podgl\u0105du po raporty [&hellip;]<\/p>\n","protected":false},"author":1,"featured_media":0,"parent":0,"menu_order":0,"comment_status":"closed","ping_status":"closed","template":"","meta":{"_et_pb_use_builder":"on","_et_pb_old_content":"","_et_gb_content_width":"","footnotes":""},"class_list":["post-20","page","type-page","status-publish","hentry"],"_links":{"self":[{"href":"https:\/\/v3e.pl\/index.php\/wp-json\/wp\/v2\/pages\/20","targetHints":{"allow":["GET"]}}],"collection":[{"href":"https:\/\/v3e.pl\/index.php\/wp-json\/wp\/v2\/pages"}],"about":[{"href":"https:\/\/v3e.pl\/index.php\/wp-json\/wp\/v2\/types\/page"}],"author":[{"embeddable":true,"href":"https:\/\/v3e.pl\/index.php\/wp-json\/wp\/v2\/users\/1"}],"replies":[{"embeddable":true,"href":"https:\/\/v3e.pl\/index.php\/wp-json\/wp\/v2\/comments?post=20"}],"version-history":[{"count":10,"href":"https:\/\/v3e.pl\/index.php\/wp-json\/wp\/v2\/pages\/20\/revisions"}],"predecessor-version":[{"id":67,"href":"https:\/\/v3e.pl\/index.php\/wp-json\/wp\/v2\/pages\/20\/revisions\/67"}],"wp:attachment":[{"href":"https:\/\/v3e.pl\/index.php\/wp-json\/wp\/v2\/media?parent=20"}],"curies":[{"name":"wp","href":"https:\/\/api.w.org\/{rel}","templated":true}]}}